{"id":5,"date":"2019-03-23T20:44:30","date_gmt":"2019-03-23T19:44:30","guid":{"rendered":"https:\/\/www.tierarzt-in-bocholt.de\/praxis\/?page_id=5"},"modified":"2019-04-07T21:29:22","modified_gmt":"2019-04-07T19:29:22","slug":"home","status":"publish","type":"page","link":"https:\/\/www.tierarzt-in-bocholt.de\/praxis\/","title":{"rendered":"Ihr Tierarzt in Bocholt"},"content":{"rendered":"\n<p>Die Gesundheit Ihres Tieres liegt uns am Herzen. Seit \u00fcber 20 Jahren steht das Wohlergehen Ihres Sch\u00fctzlings im Mittelpunkt unseres Handelns. <\/p>\n\n\n\n<p>Neben den normalen tier\u00e4rztlichen Behandlungen beraten wir\nSie gerne in Fragen zur Prophylaxe, der Tierhaltung und -ern\u00e4hrung, ganz gleich\nob Hund, Katze, Meerschweinchen, Kaninchen und andere Nager, V\u00f6gel oder\nReptilien.<\/p>\n\n\n\n<p>Um die\u00a0 Versorgung unserer Patienten ohne lange Wartezeiten zu erm\u00f6glichen, bieten wir neben den Sprechzeiten individuelle Behandlungstermine und Hausbesuche an.<\/p>\n\n\n\n<p>Notdienste au\u00dferhalb der Praxiszeiten sowie am Wochenende und an Feiertagen sind nach telefonischer Absprache ebenfalls m\u00f6glich.<\/p>\n","protected":false},"excerpt":{"rendered":"<p>Die Gesundheit Ihres Tieres liegt uns am Herzen. Seit \u00fcber 20 Jahren steht das Wohlergehen Ihres Sch\u00fctzlings im Mittelpunkt unseres Handelns. Neben den normalen tier\u00e4rztlichen Behandlungen beraten wir Sie gerne in Fragen zur Prophylaxe, der Tierhaltung und -ern\u00e4hrung, ganz gleich &hellip; <a href=\"https:\/\/www.tierarzt-in-bocholt.de\/praxis\/\">Weiter<\/a><\/p>\n","protected":false},"author":1,"featured_media":0,"parent":0,"menu_order":0,"comment_status":"closed","ping_status":"closed","template":"page-fullwidth.php","meta":{"kt_blocks_editor_width":"","footnotes":""},"class_list":["post-5","page","type-page","status-publish","hentry"],"aioseo_notices":[],"_links":{"self":[{"href":"https:\/\/www.tierarzt-in-bocholt.de\/praxis\/wp-json\/wp\/v2\/pages\/5","targetHints":{"allow":["GET"]}}],"collection":[{"href":"https:\/\/www.tierarzt-in-bocholt.de\/praxis\/wp-json\/wp\/v2\/pages"}],"about":[{"href":"https:\/\/www.tierarzt-in-bocholt.de\/praxis\/wp-json\/wp\/v2\/types\/page"}],"author":[{"embeddable":true,"href":"https:\/\/www.tierarzt-in-bocholt.de\/praxis\/wp-json\/wp\/v2\/users\/1"}],"replies":[{"embeddable":true,"href":"https:\/\/www.tierarzt-in-bocholt.de\/praxis\/wp-json\/wp\/v2\/comments?post=5"}],"version-history":[{"count":14,"href":"https:\/\/www.tierarzt-in-bocholt.de\/praxis\/wp-json\/wp\/v2\/pages\/5\/revisions"}],"predecessor-version":[{"id":339,"href":"https:\/\/www.tierarzt-in-bocholt.de\/praxis\/wp-json\/wp\/v2\/pages\/5\/revisions\/339"}],"wp:attachment":[{"href":"https:\/\/www.tierarzt-in-bocholt.de\/praxis\/wp-json\/wp\/v2\/media?parent=5"}],"curies":[{"name":"wp","href":"https:\/\/api.w.org\/{rel}","templated":true}]}}