{"id":327,"date":"2019-04-07T19:44:05","date_gmt":"2019-04-07T17:44:05","guid":{"rendered":"https:\/\/www.tierarzt-in-bocholt.de\/praxis\/?page_id=327"},"modified":"2019-04-22T09:07:33","modified_gmt":"2019-04-22T07:07:33","slug":"impressum","status":"publish","type":"page","link":"https:\/\/www.tierarzt-in-bocholt.de\/praxis\/impressum\/","title":{"rendered":"Impressum"},"content":{"rendered":"\n<p>Tier\u00e4rztliche Praxis<br>Dr. med. vet. Markus Erdelhoff<br>M\u00fcnsterstra\u00dfe 101<br>46397 Bocholt<\/p>\n\n\n\n<p>Telefon: 02871 \u2013 26 05 50<br>E-Mail: <a href=\"mailto:info@tierarzt-in-bocholt.de\">info@tierarzt-in-bocholt.de<\/a><\/p>\n\n\n\n<p><strong>Umsatzsteuer-ID: <\/strong><br>Umsatzsteuer-Identifikationsnummer nach \u00a727a Umsatzsteuergesetz: DE200974093 <\/p>\n\n\n\n<p>Berufsbezeichnung: Tierarzt<br>Zust\u00e4ndige Kammer: Tier\u00e4rztekammer Westfalen-Lippe  <br>Berufsbezeichnung verliehen im Land: Deutschland<br>Berufsrechtliche Grundordnung: Berufsordnung der Tier\u00e4rztekammer Westf.-Lippe, Heilberufegesetz des Landes NRW <br>Link: <a rel=\"noreferrer noopener\" aria-label=\" (\u00f6ffnet in neuem Tab)\" href=\"https:\/\/www.tieraerztekammer-wl.de\/home\/\" target=\"_blank\">https:\/\/www.tieraerztekammer-wl.de\/home\/<\/a><\/p>\n\n\n\n<p><strong>Bildrechte:<\/strong><br>\u00a9 Adobe Stock &#8211; stock.adobe.com\n\n<\/p>\n","protected":false},"excerpt":{"rendered":"<p>Tier\u00e4rztliche PraxisDr. med. vet. Markus ErdelhoffM\u00fcnsterstra\u00dfe 10146397 Bocholt Telefon: 02871 \u2013 26 05 50E-Mail: info@tierarzt-in-bocholt.de Umsatzsteuer-ID: Umsatzsteuer-Identifikationsnummer nach \u00a727a Umsatzsteuergesetz: DE200974093 Berufsbezeichnung: TierarztZust\u00e4ndige Kammer: Tier\u00e4rztekammer Westfalen-Lippe Berufsbezeichnung verliehen im Land: DeutschlandBerufsrechtliche Grundordnung: Berufsordnung der Tier\u00e4rztekammer Westf.-Lippe, Heilberufegesetz des Landes NRW &hellip; <a href=\"https:\/\/www.tierarzt-in-bocholt.de\/praxis\/impressum\/\">Weiter<\/a><\/p>\n","protected":false},"author":1,"featured_media":0,"parent":0,"menu_order":0,"comment_status":"closed","ping_status":"closed","template":"","meta":{"kt_blocks_editor_width":"","footnotes":""},"class_list":["post-327","page","type-page","status-publish","hentry"],"aioseo_notices":[],"_links":{"self":[{"href":"https:\/\/www.tierarzt-in-bocholt.de\/praxis\/wp-json\/wp\/v2\/pages\/327","targetHints":{"allow":["GET"]}}],"collection":[{"href":"https:\/\/www.tierarzt-in-bocholt.de\/praxis\/wp-json\/wp\/v2\/pages"}],"about":[{"href":"https:\/\/www.tierarzt-in-bocholt.de\/praxis\/wp-json\/wp\/v2\/types\/page"}],"author":[{"embeddable":true,"href":"https:\/\/www.tierarzt-in-bocholt.de\/praxis\/wp-json\/wp\/v2\/users\/1"}],"replies":[{"embeddable":true,"href":"https:\/\/www.tierarzt-in-bocholt.de\/praxis\/wp-json\/wp\/v2\/comments?post=327"}],"version-history":[{"count":4,"href":"https:\/\/www.tierarzt-in-bocholt.de\/praxis\/wp-json\/wp\/v2\/pages\/327\/revisions"}],"predecessor-version":[{"id":336,"href":"https:\/\/www.tierarzt-in-bocholt.de\/praxis\/wp-json\/wp\/v2\/pages\/327\/revisions\/336"}],"wp:attachment":[{"href":"https:\/\/www.tierarzt-in-bocholt.de\/praxis\/wp-json\/wp\/v2\/media?parent=327"}],"curies":[{"name":"wp","href":"https:\/\/api.w.org\/{rel}","templated":true}]}}