{"id":20,"date":"2019-03-23T20:48:56","date_gmt":"2019-03-23T19:48:56","guid":{"rendered":"https:\/\/www.tierarzt-in-bocholt.de\/praxis\/?page_id=20"},"modified":"2022-10-18T18:11:08","modified_gmt":"2022-10-18T16:11:08","slug":"anfahrt","status":"publish","type":"page","link":"https:\/\/www.tierarzt-in-bocholt.de\/praxis\/anfahrt\/","title":{"rendered":"Anfahrt"},"content":{"rendered":"\n<p>Sie finden uns in der M\u00fcnsterstra\u00dfe, der Bocholter Ausfahrtstra\u00dfe in Richtung Rhede. Parkpl\u00e4tze und Praxiseingang befinden sich auf der R\u00fcckseite des Geb\u00e4udes. <\/p>\n\n\n\n<p>Tier\u00e4rztliche Praxis <br>Dr. Markus Erdelhoff<br>M\u00fcnsterstra\u00dfe 101<br>46397 Bocholt<br>Tel.: 02871 &#8211; 26 05 50<\/p>\n\n\n\n<figure class=\"wp-block-image size-full\"><img loading=\"lazy\" decoding=\"async\" width=\"1500\" height=\"706\" src=\"https:\/\/www.tierarzt-in-bocholt.de\/praxis\/wp-content\/uploads\/2022\/10\/Karte_Bocholt.jpg\" alt=\"\" class=\"wp-image-377\" srcset=\"https:\/\/www.tierarzt-in-bocholt.de\/praxis\/wp-content\/uploads\/2022\/10\/Karte_Bocholt.jpg 1500w, https:\/\/www.tierarzt-in-bocholt.de\/praxis\/wp-content\/uploads\/2022\/10\/Karte_Bocholt-300x141.jpg 300w, https:\/\/www.tierarzt-in-bocholt.de\/praxis\/wp-content\/uploads\/2022\/10\/Karte_Bocholt-1024x482.jpg 1024w, https:\/\/www.tierarzt-in-bocholt.de\/praxis\/wp-content\/uploads\/2022\/10\/Karte_Bocholt-768x361.jpg 768w\" sizes=\"auto, (max-width: 1500px) 100vw, 1500px\" \/><\/figure>\n","protected":false},"excerpt":{"rendered":"<p>Sie finden uns in der M\u00fcnsterstra\u00dfe, der Bocholter Ausfahrtstra\u00dfe in Richtung Rhede. Parkpl\u00e4tze und Praxiseingang befinden sich auf der R\u00fcckseite des Geb\u00e4udes. Tier\u00e4rztliche Praxis Dr. Markus ErdelhoffM\u00fcnsterstra\u00dfe 10146397 BocholtTel.: 02871 &#8211; 26 05 50<\/p>\n","protected":false},"author":1,"featured_media":0,"parent":0,"menu_order":0,"comment_status":"closed","ping_status":"closed","template":"page-fullwidth.php","meta":{"kt_blocks_editor_width":"","footnotes":""},"class_list":["post-20","page","type-page","status-publish","hentry"],"aioseo_notices":[],"_links":{"self":[{"href":"https:\/\/www.tierarzt-in-bocholt.de\/praxis\/wp-json\/wp\/v2\/pages\/20","targetHints":{"allow":["GET"]}}],"collection":[{"href":"https:\/\/www.tierarzt-in-bocholt.de\/praxis\/wp-json\/wp\/v2\/pages"}],"about":[{"href":"https:\/\/www.tierarzt-in-bocholt.de\/praxis\/wp-json\/wp\/v2\/types\/page"}],"author":[{"embeddable":true,"href":"https:\/\/www.tierarzt-in-bocholt.de\/praxis\/wp-json\/wp\/v2\/users\/1"}],"replies":[{"embeddable":true,"href":"https:\/\/www.tierarzt-in-bocholt.de\/praxis\/wp-json\/wp\/v2\/comments?post=20"}],"version-history":[{"count":27,"href":"https:\/\/www.tierarzt-in-bocholt.de\/praxis\/wp-json\/wp\/v2\/pages\/20\/revisions"}],"predecessor-version":[{"id":380,"href":"https:\/\/www.tierarzt-in-bocholt.de\/praxis\/wp-json\/wp\/v2\/pages\/20\/revisions\/380"}],"wp:attachment":[{"href":"https:\/\/www.tierarzt-in-bocholt.de\/praxis\/wp-json\/wp\/v2\/media?parent=20"}],"curies":[{"name":"wp","href":"https:\/\/api.w.org\/{rel}","templated":true}]}}