{"id":17,"date":"2019-03-23T20:48:13","date_gmt":"2019-03-23T19:48:13","guid":{"rendered":"https:\/\/www.tierarzt-in-bocholt.de\/praxis\/?page_id=17"},"modified":"2019-04-19T14:50:56","modified_gmt":"2019-04-19T12:50:56","slug":"kontakt","status":"publish","type":"page","link":"https:\/\/www.tierarzt-in-bocholt.de\/praxis\/kontakt\/","title":{"rendered":"Kontakt"},"content":{"rendered":"\n<figure class=\"wp-block-image\"><img loading=\"lazy\" decoding=\"async\" width=\"1920\" height=\"790\" src=\"https:\/\/www.tierarzt-in-bocholt.de\/praxis\/wp-content\/uploads\/2019\/04\/Tierarzt-in-Bocholt-anrufen-2.jpg\" alt=\"Tierarzt in Bocholt anrufen\" class=\"wp-image-352\" srcset=\"https:\/\/www.tierarzt-in-bocholt.de\/praxis\/wp-content\/uploads\/2019\/04\/Tierarzt-in-Bocholt-anrufen-2.jpg 1920w, https:\/\/www.tierarzt-in-bocholt.de\/praxis\/wp-content\/uploads\/2019\/04\/Tierarzt-in-Bocholt-anrufen-2-300x123.jpg 300w, https:\/\/www.tierarzt-in-bocholt.de\/praxis\/wp-content\/uploads\/2019\/04\/Tierarzt-in-Bocholt-anrufen-2-768x316.jpg 768w, https:\/\/www.tierarzt-in-bocholt.de\/praxis\/wp-content\/uploads\/2019\/04\/Tierarzt-in-Bocholt-anrufen-2-1024x421.jpg 1024w\" sizes=\"auto, (max-width: 1920px) 100vw, 1920px\" \/><\/figure>\n\n\n\n<p>Gerne k\u00f6nnen Sie uns telefonisch kontaktieren, um einen Termin in unserer Kleintierpraxis zu vereinbaren.<\/p>\n\n\n\n<p>Tier\u00e4rztliche Praxis<br>Dr. med. vet. Markus Erdelhoff<br>M\u00fcnsterstra\u00dfe 101<br>46397 Bocholt<\/p>\n\n\n\n<p>Telefon: 02871 \u2013 26 05 50<br>E-Mail: <a href=\"mailto:info@tierarzt-in-bocholt.de\">info@tierarzt-in-bocholt.de<\/a><\/p>\n","protected":false},"excerpt":{"rendered":"<p>Gerne k\u00f6nnen Sie uns telefonisch kontaktieren, um einen Termin in unserer Kleintierpraxis zu vereinbaren. Tier\u00e4rztliche PraxisDr. med. vet. Markus ErdelhoffM\u00fcnsterstra\u00dfe 10146397 Bocholt Telefon: 02871 \u2013 26 05 50E-Mail: info@tierarzt-in-bocholt.de<\/p>\n","protected":false},"author":1,"featured_media":0,"parent":0,"menu_order":0,"comment_status":"closed","ping_status":"closed","template":"page-fullwidth.php","meta":{"kt_blocks_editor_width":"","footnotes":""},"class_list":["post-17","page","type-page","status-publish","hentry"],"aioseo_notices":[],"_links":{"self":[{"href":"https:\/\/www.tierarzt-in-bocholt.de\/praxis\/wp-json\/wp\/v2\/pages\/17","targetHints":{"allow":["GET"]}}],"collection":[{"href":"https:\/\/www.tierarzt-in-bocholt.de\/praxis\/wp-json\/wp\/v2\/pages"}],"about":[{"href":"https:\/\/www.tierarzt-in-bocholt.de\/praxis\/wp-json\/wp\/v2\/types\/page"}],"author":[{"embeddable":true,"href":"https:\/\/www.tierarzt-in-bocholt.de\/praxis\/wp-json\/wp\/v2\/users\/1"}],"replies":[{"embeddable":true,"href":"https:\/\/www.tierarzt-in-bocholt.de\/praxis\/wp-json\/wp\/v2\/comments?post=17"}],"version-history":[{"count":42,"href":"https:\/\/www.tierarzt-in-bocholt.de\/praxis\/wp-json\/wp\/v2\/pages\/17\/revisions"}],"predecessor-version":[{"id":356,"href":"https:\/\/www.tierarzt-in-bocholt.de\/praxis\/wp-json\/wp\/v2\/pages\/17\/revisions\/356"}],"wp:attachment":[{"href":"https:\/\/www.tierarzt-in-bocholt.de\/praxis\/wp-json\/wp\/v2\/media?parent=17"}],"curies":[{"name":"wp","href":"https:\/\/api.w.org\/{rel}","templated":true}]}}