{"id":13,"date":"2019-03-23T20:47:22","date_gmt":"2019-03-23T19:47:22","guid":{"rendered":"https:\/\/www.tierarzt-in-bocholt.de\/praxis\/?page_id=13"},"modified":"2019-04-17T21:15:07","modified_gmt":"2019-04-17T19:15:07","slug":"leistungen","status":"publish","type":"page","link":"https:\/\/www.tierarzt-in-bocholt.de\/praxis\/leistungen\/","title":{"rendered":"Leistungen"},"content":{"rendered":"\n<figure class=\"wp-block-image\"><img loading=\"lazy\" decoding=\"async\" width=\"1920\" height=\"790\" src=\"https:\/\/www.tierarzt-in-bocholt.de\/praxis\/wp-content\/uploads\/2019\/04\/Leistungen-Tierarzt-Bocholt-2.jpg\" alt=\"Leistungen Tierarzt Bocholt\" class=\"wp-image-351\" srcset=\"https:\/\/www.tierarzt-in-bocholt.de\/praxis\/wp-content\/uploads\/2019\/04\/Leistungen-Tierarzt-Bocholt-2.jpg 1920w, https:\/\/www.tierarzt-in-bocholt.de\/praxis\/wp-content\/uploads\/2019\/04\/Leistungen-Tierarzt-Bocholt-2-300x123.jpg 300w, https:\/\/www.tierarzt-in-bocholt.de\/praxis\/wp-content\/uploads\/2019\/04\/Leistungen-Tierarzt-Bocholt-2-768x316.jpg 768w, https:\/\/www.tierarzt-in-bocholt.de\/praxis\/wp-content\/uploads\/2019\/04\/Leistungen-Tierarzt-Bocholt-2-1024x421.jpg 1024w\" sizes=\"auto, (max-width: 1920px) 100vw, 1920px\" \/><\/figure>\n\n\n\n<p>Unsere tier\u00e4rztlichen Leistungen von A bis Z:<\/p>\n\n\n\n<ul class=\"wp-block-list\"><li>Allgemeinmedizinische Behandlungen von Hunden, Katzen, Kaninchen, Meerschweinchen und anderen Nagern, Reptilien und V\u00f6geln<\/li><li>Chirurgie<ul><li> &nbsp;&nbsp; Weichteilchirurgie<\/li><li> &nbsp;&nbsp; Kastrationen<\/li><li> &nbsp;&nbsp; Ovariohysterektomien<\/li><li> &nbsp;&nbsp; Tumorentfernungen<\/li><li>&nbsp;&nbsp;&nbsp;&nbsp;etc.<\/li><\/ul><\/li><li>Dermatologische Untersuchungen<\/li><li>Ern\u00e4hrungsberatung<\/li><li>EU-Heimtierausweise<\/li><li>Geriatrie (Altersvorsoge)<\/li><li>Gyn\u00e4kologie<\/li><li>Hausbesuche<\/li><li>Hom\u00f6opathie<\/li><li>Impfungen mit Erinnerungsservice<\/li><li>Inhalationsnarkose mit Monitor\u00fcberwachung<\/li><li>Laboruntersuchungen<\/li><li>Neonatalogie und P\u00e4diatrie<\/li><li>Notdienst<\/li><li>Onkologie<\/li><li>R\u00f6ntgen<\/li><li>Sachkundenachweise gem\u00e4\u00df dem Landeshundegesetz<\/li><li>Tierkennzeichnung mittels Mikrochip <\/li><li>Ultraschall <\/li><li>Vorsorgeuntersuchungen aller Altersklassen<\/li><li>Wochenenddienst <\/li><li>Zahnheilkunde<\/li><li>Zuchtuntersuchung auf Patellaluxation<\/li><\/ul>\n","protected":false},"excerpt":{"rendered":"<p>Unsere tier\u00e4rztlichen Leistungen von A bis Z: Allgemeinmedizinische Behandlungen von Hunden, Katzen, Kaninchen, Meerschweinchen und anderen Nagern, Reptilien und V\u00f6geln Chirurgie &nbsp;&nbsp; Weichteilchirurgie &nbsp;&nbsp; Kastrationen &nbsp;&nbsp; Ovariohysterektomien &nbsp;&nbsp; Tumorentfernungen &nbsp;&nbsp;&nbsp;&nbsp;etc. Dermatologische Untersuchungen Ern\u00e4hrungsberatung EU-Heimtierausweise Geriatrie (Altersvorsoge) Gyn\u00e4kologie Hausbesuche Hom\u00f6opathie Impfungen &hellip; <a href=\"https:\/\/www.tierarzt-in-bocholt.de\/praxis\/leistungen\/\">Weiter<\/a><\/p>\n","protected":false},"author":1,"featured_media":0,"parent":0,"menu_order":0,"comment_status":"closed","ping_status":"closed","template":"page-fullwidth.php","meta":{"kt_blocks_editor_width":"","footnotes":""},"class_list":["post-13","page","type-page","status-publish","hentry"],"aioseo_notices":[],"_links":{"self":[{"href":"https:\/\/www.tierarzt-in-bocholt.de\/praxis\/wp-json\/wp\/v2\/pages\/13","targetHints":{"allow":["GET"]}}],"collection":[{"href":"https:\/\/www.tierarzt-in-bocholt.de\/praxis\/wp-json\/wp\/v2\/pages"}],"about":[{"href":"https:\/\/www.tierarzt-in-bocholt.de\/praxis\/wp-json\/wp\/v2\/types\/page"}],"author":[{"embeddable":true,"href":"https:\/\/www.tierarzt-in-bocholt.de\/praxis\/wp-json\/wp\/v2\/users\/1"}],"replies":[{"embeddable":true,"href":"https:\/\/www.tierarzt-in-bocholt.de\/praxis\/wp-json\/wp\/v2\/comments?post=13"}],"version-history":[{"count":36,"href":"https:\/\/www.tierarzt-in-bocholt.de\/praxis\/wp-json\/wp\/v2\/pages\/13\/revisions"}],"predecessor-version":[{"id":353,"href":"https:\/\/www.tierarzt-in-bocholt.de\/praxis\/wp-json\/wp\/v2\/pages\/13\/revisions\/353"}],"wp:attachment":[{"href":"https:\/\/www.tierarzt-in-bocholt.de\/praxis\/wp-json\/wp\/v2\/media?parent=13"}],"curies":[{"name":"wp","href":"https:\/\/api.w.org\/{rel}","templated":true}]}}